{"id":9,"date":"2024-02-09T10:47:31","date_gmt":"2024-02-09T10:47:31","guid":{"rendered":"https:\/\/new.gullgalleriet.no\/?page_id=9"},"modified":"2024-04-02T10:33:56","modified_gmt":"2024-04-02T10:33:56","slug":"om-oss","status":"publish","type":"page","link":"https:\/\/gullgalleriet.no\/?page_id=9","title":{"rendered":"om oss"},"content":{"rendered":"<h1>Om oss<\/h1>\n<h1>\n<h3 class=\"heading-23\" style=\"text-align: center;\"><strong class=\"bold-text-2 headr\">Velkommen til Gullgalleriet<\/strong><\/h3>\n<\/h1>\n<h2>\n<h3 class=\"heading-23\" style=\"text-align: center;\"><strong class=\"bold-text-2 headr\">&#8211; Ditt gullsmedverksted og butikk siden 1982!<\/strong><\/h3>\n<\/h2>\n<div>\n<p><span>Vi har en historie som g\u00e5r tilbake over 40 \u00e5r, da vi begynte som en dedikert gullsmedbutikk og verksted. Gjennom \u00e5rene har vi kontinuerlig forbedret v\u00e5re ferdigheter og utvidet v\u00e5rt sortiment for \u00e5 kunne tilfredsstille v\u00e5re kunder.<\/span><\/p>\n<\/div>\n<div>\n<p><span>I butikken v\u00e5r finner du et bredt utvalg av s\u00f8lvbestikk, d\u00e5psartikler og bunadss\u00f8lv, n\u00f8ye utvalgt med m\u00e5l om \u00e5 opprettholde en h\u00f8y standard for kvalitet. V\u00e5re erfarne gullarbeidere, har alle Svennebrev i gullsmedfaget, har god kunnskap av materialer for \u00e5 lage varige smykker.<\/span><\/p>\n<\/div>\n<div>\n<p><span>Hos Gullgalleriet er vi ikke bare opptatt av \u00e5 tilby deg vakre smykker, men vi har ogs\u00e5 et team som kan reparere, omarbeide og gravere smykkene dine, slik at de alltid forblir like pene som da du f\u00f8rst fikk dem. V\u00e5rt verksted er utstyrt med moderne 3D-design- og produksjonsteknologi, som gir oss muligheten til \u00e5 skape innovative og personlige smykker som passer akkurat deg.<\/span><\/p>\n<\/div>\n<div>\n<p><span>Selv om vi omfavner moderne teknologi, er tradisjonelt h\u00e5ndverk alltid hjertet av v\u00e5rt arbeid. Dette kombinert med v\u00e5r evne til \u00e5 tilpasse oss moderne produksjonsmetoder, gj\u00f8r oss til det ideelle valget for alle dine smykkebehov.<\/span><\/p>\n<\/div>\n<div>\n<p><span>Vi er stolte av v\u00e5r lange historie og ser frem til \u00e5 fortsette \u00e5 levere vakre smykker og f\u00f8rsteklasses gullsmedtjenester til v\u00e5re kunder.<\/span><\/p>\n<\/div>\n<div>\n<p><span>Velkommen til Gullgalleriet!<\/span><\/p>\n<\/div>\n<p><!--more--><br \/>\n<!-- {\"type\":\"layout\",\"children\":[{\"type\":\"section\",\"props\":{\"height_viewport\":450,\"image_position\":\"center-center\",\"style\":\"default\",\"title_breakpoint\":\"xl\",\"title_position\":\"top-left\",\"title_rotation\":\"left\",\"vertical_align\":\"middle\",\"width\":\"\"},\"children\":[{\"type\":\"row\",\"children\":[{\"type\":\"column\",\"props\":{\"image\":\"wp-content\\\/uploads\\\/2024\\\/03\\\/653026376ae7b9b3ea5591bc_3ringerny-scaled.jpg\",\"image_position\":\"center-center\",\"image_size\":\"width-1-1\",\"position_sticky_breakpoint\":\"m\"},\"children\":[{\"type\":\"headline\",\"props\":{\"content\":\"Om oss\",\"text_align\":\"center\",\"title_color\":\"muted\",\"title_element\":\"h1\"}}]}],\"props\":{\"height_viewport\":350}}],\"name\":\"Header\"},{\"type\":\"section\",\"props\":{\"image_position\":\"center-center\",\"style\":\"default\",\"title_breakpoint\":\"xl\",\"title_position\":\"top-left\",\"title_rotation\":\"left\",\"vertical_align\":\"middle\",\"width\":\"default\"},\"children\":[{\"type\":\"row\",\"children\":[{\"type\":\"column\",\"props\":{\"image_position\":\"center-center\",\"position_sticky_breakpoint\":\"m\"},\"children\":[{\"type\":\"headline\",\"props\":{\"content\":\"\n\n<h3 class=\\\"heading-23\\\" style=\\\"text-align: center;\\\"><strong class=\\\"bold-text-2 headr\\\">Velkommen til Gullgalleriet<\\\/strong><\\\/h3>\",\"text_align\":\"center\",\"title_element\":\"h1\"}},{\"type\":\"headline\",\"props\":{\"content\":\"\n\n<h3 class=\\\"heading-23\\\" style=\\\"text-align: center;\\\"><strong class=\\\"bold-text-2 headr\\\">- Ditt gullsmedverksted og butikk siden 1982!<\\\/strong><\\\/h3>\",\"text_align\":\"center\",\"title_element\":\"h2\"}}]}]},{\"type\":\"row\",\"children\":[{\"type\":\"column\",\"props\":{\"image_position\":\"center-center\",\"position_sticky_breakpoint\":\"m\"},\"children\":[{\"type\":\"text\",\"props\":{\"column_breakpoint\":\"m\",\"content\":\"\n\n<p><span>Vi har en historie som g\\u00e5r tilbake over 40 \\u00e5r, da vi begynte som en dedikert gullsmedbutikk og verksted. Gjennom \\u00e5rene har vi kontinuerlig forbedret v\\u00e5re ferdigheter og utvidet v\\u00e5rt sortiment for \\u00e5 kunne tilfredsstille v\\u00e5re kunder.<\\\/span><\\\/p>\",\"margin\":\"default\",\"text_align\":\"center\",\"text_style\":\"large\"}},{\"type\":\"text\",\"props\":{\"column_breakpoint\":\"m\",\"content\":\"\n\n<p><span>I butikken v\\u00e5r finner du et bredt utvalg av s\\u00f8lvbestikk, d\\u00e5psartikler og bunadss\\u00f8lv, n\\u00f8ye utvalgt med m\\u00e5l om \\u00e5 opprettholde en h\\u00f8y standard for kvalitet. V\\u00e5re erfarne gullarbeidere, har alle Svennebrev i gullsmedfaget, har god kunnskap av materialer for \\u00e5 lage varige smykker.<\\\/span><\\\/p>\",\"margin\":\"default\",\"text_align\":\"center\",\"text_style\":\"large\"}},{\"type\":\"text\",\"props\":{\"column_breakpoint\":\"m\",\"content\":\"\n\n<p><span>Hos Gullgalleriet er vi ikke bare opptatt av \\u00e5 tilby deg vakre smykker, men vi har ogs\\u00e5 et team som kan reparere, omarbeide og gravere smykkene dine, slik at de alltid forblir like pene som da du f\\u00f8rst fikk dem. V\\u00e5rt verksted er utstyrt med moderne 3D-design- og produksjonsteknologi, som gir oss muligheten til \\u00e5 skape innovative og personlige smykker som passer akkurat deg.<\\\/span><\\\/p>\",\"margin\":\"default\",\"text_align\":\"center\",\"text_style\":\"large\"}},{\"type\":\"text\",\"props\":{\"column_breakpoint\":\"m\",\"content\":\"\n\n<p><span>Selv om vi omfavner moderne teknologi, er tradisjonelt h\\u00e5ndverk alltid hjertet av v\\u00e5rt arbeid. Dette kombinert med v\\u00e5r evne til \\u00e5 tilpasse oss moderne produksjonsmetoder, gj\\u00f8r oss til det ideelle valget for alle dine smykkebehov.<\\\/span><\\\/p>\",\"margin\":\"default\",\"text_align\":\"center\",\"text_style\":\"large\"}},{\"type\":\"text\",\"props\":{\"column_breakpoint\":\"m\",\"content\":\"\n\n<p><span>Vi er stolte av v\\u00e5r lange historie og ser frem til \\u00e5 fortsette \\u00e5 levere vakre smykker og f\\u00f8rsteklasses gullsmedtjenester til v\\u00e5re kunder.<\\\/span><\\\/p>\",\"margin\":\"default\",\"text_align\":\"center\",\"text_style\":\"large\"}},{\"type\":\"text\",\"props\":{\"column_breakpoint\":\"m\",\"content\":\"\n\n<p><span>Velkommen til Gullgalleriet!<\\\/span><\\\/p>\",\"margin\":\"default\",\"text_align\":\"center\",\"text_style\":\"large\"}}]}]}]}],\"version\":\"4.3.8\"} --><\/p>\n","protected":false},"excerpt":{"rendered":"<p>Om oss Velkommen til Gullgalleriet &#8211; Ditt gullsmedverksted og butikk siden 1982! Vi har en historie som g\u00e5r tilbake over 40 \u00e5r, da vi begynte som en dedikert gullsmedbutikk og verksted. Gjennom \u00e5rene har vi kontinuerlig forbedret v\u00e5re ferdigheter og utvidet v\u00e5rt sortiment for \u00e5 kunne tilfredsstille v\u00e5re kunder. I butikken v\u00e5r finner du et [&hellip;]<\/p>\n","protected":false},"author":1,"featured_media":0,"parent":0,"menu_order":0,"comment_status":"closed","ping_status":"closed","template":"","meta":{"footnotes":""},"class_list":["post-9","page","type-page","status-publish","hentry"],"_links":{"self":[{"href":"https:\/\/gullgalleriet.no\/index.php?rest_route=\/wp\/v2\/pages\/9","targetHints":{"allow":["GET"]}}],"collection":[{"href":"https:\/\/gullgalleriet.no\/index.php?rest_route=\/wp\/v2\/pages"}],"about":[{"href":"https:\/\/gullgalleriet.no\/index.php?rest_route=\/wp\/v2\/types\/page"}],"author":[{"embeddable":true,"href":"https:\/\/gullgalleriet.no\/index.php?rest_route=\/wp\/v2\/users\/1"}],"replies":[{"embeddable":true,"href":"https:\/\/gullgalleriet.no\/index.php?rest_route=%2Fwp%2Fv2%2Fcomments&post=9"}],"version-history":[{"count":24,"href":"https:\/\/gullgalleriet.no\/index.php?rest_route=\/wp\/v2\/pages\/9\/revisions"}],"predecessor-version":[{"id":707,"href":"https:\/\/gullgalleriet.no\/index.php?rest_route=\/wp\/v2\/pages\/9\/revisions\/707"}],"wp:attachment":[{"href":"https:\/\/gullgalleriet.no\/index.php?rest_route=%2Fwp%2Fv2%2Fmedia&parent=9"}],"curies":[{"name":"wp","href":"https:\/\/api.w.org\/{rel}","templated":true}]}}