{"id":598,"date":"2024-02-13T13:01:18","date_gmt":"2024-02-13T13:01:18","guid":{"rendered":"https:\/\/new.gullgalleriet.no\/?page_id=598"},"modified":"2025-10-02T12:34:08","modified_gmt":"2025-10-02T12:34:08","slug":"fremside","status":"publish","type":"page","link":"https:\/\/gullgalleriet.no\/","title":{"rendered":"Fremside"},"content":{"rendered":"<div>\n<div style='height: 50px;'><\/div>\n<\/div>\n<h1>Skinn med eleganse<\/h1>\n<h2>Hos oss f\u00e5r du smykker du tar vare p\u00e5<\/h2>\n<p>\n    <a href=\"\/index.php?page_id=13\">SE V\u00c5R KATALOG<\/a>\n<\/p>\n<div>\n<div style='height: 50px;'><\/div>\n<\/div>\n<h2>V\u00e5re favoritter<\/h2>\n<div>\n<p>kr. 5190,-<\/p>\n<p><a href=\"\/index.php?p=417\">Se her -><\/a><\/p>\n<\/div>\n<div>\n<p>Kr. 22.900,-<\/p>\n<\/div>\n<div>\n<p>Kr. 17.680,-<\/p>\n<\/div>\n<div>\n<p class=\"mobile-text\"><span>OM<\/span><\/p>\n<\/div>\n<div>\n<h2 class=\"section-heading\">Hvem er vi<\/h2>\n<\/div>\n<div>\n<div class=\"home-section-wrap\">\n<p class=\"paragraph-light\">V\u00e5rt team av gullsmeder er her for \u00e5 hjelpe deg med \u00e5 finne det perfekte smykket som passer din stil. Vi skaper smykker som er unike, og som blir arvet fra generasjon til generasjon.<\/p>\n<\/div>\n<\/div>\n<p>\n    <a href=\"https:\/\/new.gullgalleriet.no\/?page_id=9\">LES MER<\/a>\n<\/p>\n<p><img decoding=\"async\" src=\"\/wp-content\/uploads\/2024\/02\/64feea7389ec83f2da1b5b4c_gullgallerietutenfor.jpeg\" alt=\"\"><br \/>\n<img decoding=\"async\" src=\"\/wp-content\/uploads\/2024\/02\/64ff2efe16ba2b512ac0189e_gammelt-til-nytt-p-1600.jpeg\" alt=\"\"><\/p>\n<div>\n<p><span>SPESIALITET<\/span><\/p>\n<\/div>\n<div>\n<h2 class=\"section-heading\">Hva gj\u00f8r vi<\/h2>\n<\/div>\n<div>\n<div class=\"home-section-wrap\">\n<p class=\"paragraph-light\">Har du arvet et smykke som betyr mye for deg, men som ikke passer inn i din n\u00e5v\u00e6rende smykkekolleksjon? La oss hjelpe deg med \u00e5 gi det nytt liv gjennom v\u00e5r spesialtjeneste, &#8220;Fra Gammelt til Nytt Smykke.&#8221;<\/p>\n<\/div>\n<\/div>\n<p>\n    <a href=\"https:\/\/new.gullgalleriet.no\/?page_id=11\">LES MER<\/a>\n<\/p>\n<div>\n<section>\n<h1 class=\"heading\" style=\"text-align: center;\">V\u00e5re hyggelige tilbakemeldinger<\/h1>\n<\/section>\n<\/div>\n<div>&#8220;Fantastisk arbeid og service!&#8221;<\/div>\n<div>&#8220;Fantastisk kundeservice. Snart den siste gullsmed som faktisk gj\u00f8r jobben der du leverer fra deg gull\/s\u00f8lv etc. St\u00f8tt opp lokalt og ekte h\u00e5ndverk f\u00f8r det er for sent!&#8221;<\/div>\n<div>&#8220;Trivelige ansatte, flott utf\u00f8rt jobb og til en god pris. Anbefales virkelig!&#8221;<\/div>\n<div>&#8220;Veldig hyggelige og im\u00f8tekommende fagfolk med gode innspill og l\u00f8sninger.&#8221;<\/div>\n<div>\n<p style=\"text-align: center;\"><label for=\"\" class=\"field-label\">SEND OSS EN MELDING<\/label><\/p>\n<\/div>\n<div>\n<p style=\"text-align: center;\">\n<div class=\"wpcf7 no-js\" id=\"wpcf7-f519-o1\" lang=\"en-US\" dir=\"ltr\" data-wpcf7-id=\"519\">\n<div class=\"screen-reader-response\"><p role=\"status\" aria-live=\"polite\" aria-atomic=\"true\"><\/p> <ul><\/ul><\/div>\n<form action=\"\/index.php?rest_route=%2Fwp%2Fv2%2Fpages%2F598#wpcf7-f519-o1\" method=\"post\" class=\"wpcf7-form init\" aria-label=\"Contact form\" novalidate=\"novalidate\" data-status=\"init\">\n<fieldset class=\"hidden-fields-container\"><input type=\"hidden\" name=\"_wpcf7\" value=\"519\" \/><input type=\"hidden\" name=\"_wpcf7_version\" value=\"6.1.5\" \/><input type=\"hidden\" name=\"_wpcf7_locale\" value=\"en_US\" \/><input type=\"hidden\" name=\"_wpcf7_unit_tag\" value=\"wpcf7-f519-o1\" \/><input type=\"hidden\" name=\"_wpcf7_container_post\" value=\"0\" \/><input type=\"hidden\" name=\"_wpcf7_posted_data_hash\" value=\"\" \/>\n<\/fieldset>\n<style>\ninput[type=\"text\"], input[type=\"email\"]\n{\n width: 100%;\n height: 25px;\n border-radius: 10px;\n}\n\ntextarea {\n width: 100%;\n border-radius: 10px;\n}\n\nlabel {\n font-weight: bold;\n}\n\n.wpcf7-submit {\n background-color: black;\n border: none;\n color: white;\n padding: 15px 32px;\n text-align: center;\n text-decoration: none;\n display: inline-block;\n font-size: 16px;\n}\n<\/style>\n<p><label style=\"width: 100%; border-radius: 15px;\"> Skriv inn ditt navn<br \/>\n<span class=\"wpcf7-form-control-wrap\" data-name=\"your-name\"><input size=\"40\" maxlength=\"400\" class=\"wpcf7-form-control wpcf7-text wpcf7-validates-as-required\" autocomplete=\"name\" aria-required=\"true\" aria-invalid=\"false\" value=\"\" type=\"text\" name=\"your-name\" \/><\/span> <\/label>\n<\/p>\n<p><label> Skriv inn din Email<br \/>\n<span class=\"wpcf7-form-control-wrap\" data-name=\"your-email\"><input size=\"40\" maxlength=\"400\" class=\"wpcf7-form-control wpcf7-email wpcf7-validates-as-required wpcf7-text wpcf7-validates-as-email\" autocomplete=\"email\" aria-required=\"true\" aria-invalid=\"false\" value=\"\" type=\"email\" name=\"your-email\" \/><\/span> <\/label>\n<\/p>\n<p><label> Subject<br \/>\n<span class=\"wpcf7-form-control-wrap\" data-name=\"your-subject\"><input size=\"40\" maxlength=\"400\" class=\"wpcf7-form-control wpcf7-text wpcf7-validates-as-required\" aria-required=\"true\" aria-invalid=\"false\" value=\"\" type=\"text\" name=\"your-subject\" \/><\/span> <\/label>\n<\/p>\n<p><label> Skriv inn din beskjed<br \/>\n<span class=\"wpcf7-form-control-wrap\" data-name=\"your-message\"><textarea cols=\"40\" rows=\"10\" maxlength=\"2000\" class=\"wpcf7-form-control wpcf7-textarea\" aria-invalid=\"false\" name=\"your-message\"><\/textarea><\/span> <\/label>\n<\/p>\n<p><div class=\"cf7-cf-turnstile\" style=\"margin-top: 0px; margin-bottom: -15px;\"> <div id=\"cf-turnstile-cf7-2901964564\" class=\"cf-turnstile\" data-sitekey=\"0x4AAAAAAAZi4s4mopxSraHz\" data-theme=\"light\" data-language=\"auto\" data-size=\"\" data-retry=\"auto\" data-retry-interval=\"1000\" data-refresh-expired=\"auto\" data-refresh-timeout=\"auto\" data-action=\"contact-form-7\" data-callback=\"turnstileCF7Callback\" data-appearance=\"always\"><\/div> <script>document.addEventListener(\"DOMContentLoaded\", function() { setTimeout(function(){ var e=document.getElementById(\"cf-turnstile-cf7-2901964564\"); if(e&&!e.innerHTML.trim()){turnstile.render(e, {sitekey:\"0x4AAAAAAAZi4s4mopxSraHz\"});} }, 200); });<\/script> <br class=\"cf-turnstile-br cf-turnstile-br-cf7-2901964564\"> <style>#cf-turnstile-cf7-2901964564 { margin-left: -15px; }<\/style> <script>document.addEventListener(\"DOMContentLoaded\",function(){document.querySelectorAll('.wpcf7-form').forEach(function(e){e.addEventListener('submit',function(){if(document.getElementById('cf-turnstile-cf7-2901964564')){setTimeout(function(){turnstile.reset('#cf-turnstile-cf7-2901964564');},1000)}})})});<\/script> <\/div><br\/><input class=\"wpcf7-form-control wpcf7-submit has-spinner\" type=\"submit\" value=\"Send\" \/>\n<\/p><div class=\"wpcf7-response-output\" aria-hidden=\"true\"><\/div>\n<\/form>\n<\/div>\n<\/p>\n<\/div>\n<p><!--more--><br \/>\n<!-- {\"type\":\"layout\",\"children\":[{\"type\":\"section\",\"props\":{\"image_position\":\"center-center\",\"image_size\":\"width-1-1\",\"padding_remove_horizontal\":false,\"preserve_color\":false,\"style\":\"default\",\"title_breakpoint\":\"xl\",\"title_position\":\"top-left\",\"title_rotation\":\"left\",\"vertical_align\":\"\",\"width\":\"\"},\"children\":[{\"type\":\"row\",\"children\":[{\"type\":\"column\",\"props\":{\"image\":\"wp-content\\\/uploads\\\/2024\\\/02\\\/6524377607783c21dddf3181_hjemmeskjerm-min-1.png\",\"image_position\":\"center-center\",\"image_size\":\"cover\",\"position_sticky_breakpoint\":\"m\"},\"children\":[{\"type\":\"html\",\"props\":{\"content\":\"\n\n<div style='height: 50px;'><\\\/div>\"}},{\"type\":\"headline\",\"props\":{\"content\":\"Skinn med eleganse\",\"text_align\":\"center\",\"title_color\":\"muted\",\"title_element\":\"h1\"}},{\"type\":\"headline\",\"props\":{\"content\":\"Hos oss f\\u00e5r du smykker du tar vare p\\u00e5\",\"text_align\":\"center\",\"title_color\":\"muted\",\"title_element\":\"h2\",\"title_font_family\":\"default\",\"title_style\":\"h3\"}},{\"type\":\"button\",\"props\":{\"fullwidth\":false,\"grid_column_gap\":\"small\",\"grid_row_gap\":\"small\",\"margin\":\"default\",\"text_align\":\"center\"},\"children\":[{\"type\":\"button_item\",\"props\":{\"button_style\":\"primary\",\"content\":\"SE V\\u00c5R KATALOG\",\"icon_align\":\"left\",\"link\":\"index.php?page_id=13\"}}]},{\"type\":\"html\",\"props\":{\"content\":\"\n\n<div style='height: 50px;'><\\\/div>\"}}]}]}]},{\"type\":\"section\",\"props\":{\"image_position\":\"center-center\",\"style\":\"muted\",\"title_breakpoint\":\"xl\",\"title_position\":\"top-left\",\"title_rotation\":\"left\",\"vertical_align\":\"\",\"width\":\"default\"},\"children\":[{\"type\":\"row\",\"children\":[{\"type\":\"column\",\"props\":{\"image_position\":\"center-center\",\"position_sticky_breakpoint\":\"m\"},\"children\":[{\"type\":\"headline\",\"props\":{\"content\":\"V\\u00e5re favoritter\",\"text_align\":\"center\",\"title_element\":\"h2\"}}]}]},{\"type\":\"row\",\"props\":{\"layout\":\"1-3,1-3,1-3\"},\"children\":[{\"type\":\"column\",\"props\":{\"image_position\":\"center-center\",\"position_sticky_breakpoint\":\"m\",\"width_medium\":\"1-3\"},\"children\":[{\"type\":\"panel\",\"props\":{\"content_column_breakpoint\":\"m\",\"icon_width\":80,\"image_align\":\"top\",\"image_grid_breakpoint\":\"m\",\"image_grid_width\":\"1-2\",\"image_svg_color\":\"emphasis\",\"link\":\"index.php?p=417\",\"link_style\":\"link-text\",\"link_text\":\"Se her ->\",\"margin\":\"default\",\"meta\":\"kr. 5190,-\",\"meta_align\":\"below-title\",\"meta_element\":\"div\",\"meta_style\":\"text-meta\",\"panel_link\":true,\"panel_style\":\"tile-default\",\"text_align\":\"center\",\"title_align\":\"top\",\"title_element\":\"h3\",\"title_grid_breakpoint\":\"m\",\"title_grid_width\":\"1-2\",\"title_hover_style\":\"reset\",\"title_style\":\"h6\"},\"source\":{\"query\":{\"name\":\"posts.customPost\",\"arguments\":{\"terms\":[],\"category_operator\":\"IN\",\"post_tag_operator\":\"IN\",\"users\":[],\"users_operator\":\"IN\",\"offset\":0,\"order\":\"date\",\"order_direction\":\"DESC\",\"id\":417}},\"props\":{\"title\":{\"filters\":{\"search\":\"\"},\"name\":\"title\"},\"image\":{\"filters\":{\"search\":\"\"},\"name\":\"featuredImage.url\"},\"image_alt\":{\"filters\":{\"search\":\"\"},\"name\":\"featuredImage.alt\"}}}}]},{\"type\":\"column\",\"props\":{\"image_position\":\"center-center\",\"position_sticky_breakpoint\":\"m\",\"width_medium\":\"1-3\"},\"children\":[{\"type\":\"panel\",\"props\":{\"content_column_breakpoint\":\"m\",\"icon_width\":80,\"image_align\":\"top\",\"image_grid_breakpoint\":\"m\",\"image_grid_width\":\"1-2\",\"image_svg_color\":\"emphasis\",\"link_style\":\"link-text\",\"link_text\":\"Se her ->\",\"margin\":\"default\",\"meta\":\"Kr. 22.900,-\",\"meta_align\":\"below-title\",\"meta_element\":\"div\",\"meta_style\":\"text-meta\",\"panel_link\":true,\"panel_style\":\"tile-default\",\"text_align\":\"center\",\"title_align\":\"top\",\"title_element\":\"h1\",\"title_grid_breakpoint\":\"m\",\"title_grid_width\":\"1-2\",\"title_hover_style\":\"reset\",\"title_style\":\"h6\"},\"source\":{\"query\":{\"name\":\"posts.customPost\",\"arguments\":{\"terms\":[],\"category_operator\":\"IN\",\"post_tag_operator\":\"IN\",\"users\":[],\"users_operator\":\"IN\",\"offset\":0,\"order\":\"date\",\"order_direction\":\"DESC\",\"id\":414}},\"props\":{\"title\":{\"filters\":{\"search\":\"\"},\"name\":\"title\"},\"image\":{\"filters\":{\"search\":\"\"},\"name\":\"featuredImage.url\"},\"link\":{\"filters\":{\"search\":\"\"},\"name\":\"link\"},\"image_alt\":{\"filters\":{\"search\":\"\"},\"name\":\"featuredImage.alt\"}}}}]},{\"type\":\"column\",\"props\":{\"image_position\":\"center-center\",\"position_sticky_breakpoint\":\"m\",\"width_medium\":\"1-3\"},\"children\":[{\"type\":\"panel\",\"props\":{\"content_column_breakpoint\":\"m\",\"icon_width\":80,\"image_align\":\"top\",\"image_grid_breakpoint\":\"m\",\"image_grid_width\":\"1-2\",\"image_svg_color\":\"emphasis\",\"link_style\":\"link-text\",\"link_text\":\"Se her ->\",\"margin\":\"default\",\"meta\":\"Kr. 17.680,-\",\"meta_align\":\"below-title\",\"meta_element\":\"div\",\"meta_style\":\"text-meta\",\"panel_link\":true,\"panel_style\":\"tile-default\",\"text_align\":\"center\",\"title_align\":\"top\",\"title_element\":\"h3\",\"title_grid_breakpoint\":\"m\",\"title_grid_width\":\"1-2\",\"title_hover_style\":\"reset\",\"title_style\":\"h6\"},\"source\":{\"query\":{\"name\":\"posts.customPost\",\"arguments\":{\"terms\":[],\"category_operator\":\"IN\",\"post_tag_operator\":\"IN\",\"users\":[],\"users_operator\":\"IN\",\"offset\":0,\"order\":\"date\",\"order_direction\":\"DESC\",\"id\":435}},\"props\":{\"title\":{\"filters\":{\"search\":\"\"},\"name\":\"title\"},\"image\":{\"filters\":{\"search\":\"\"},\"name\":\"featuredImage.url\"},\"link\":{\"filters\":{\"search\":\"\"},\"name\":\"link\"},\"image_alt\":{\"filters\":{\"search\":\"\"},\"name\":\"featuredImage.alt\"}}}}]}]}]},{\"type\":\"section\",\"props\":{\"image_position\":\"center-center\",\"style\":\"default\",\"title_breakpoint\":\"xl\",\"title_position\":\"top-left\",\"title_rotation\":\"left\",\"vertical_align\":\"\",\"width\":\"default\"},\"children\":[{\"type\":\"row\",\"props\":{\"layout\":\"1-2,1-2\"},\"children\":[{\"type\":\"column\",\"props\":{\"image_position\":\"center-center\",\"position_sticky_breakpoint\":\"m\",\"width_medium\":\"1-2\"},\"children\":[{\"type\":\"text\",\"props\":{\"column_breakpoint\":\"m\",\"content\":\"\n\n<p class=\\\"mobile-text\\\"><span>OM<\\\/span><\\\/p>\",\"margin\":\"default\"}},{\"type\":\"text\",\"props\":{\"column_breakpoint\":\"m\",\"content\":\"\n\n<h2 class=\\\"section-heading\\\">Hvem er vi<\\\/h2>\",\"margin\":\"default\"}},{\"type\":\"text\",\"props\":{\"column_breakpoint\":\"m\",\"content\":\"\n\n<div class=\\\"home-section-wrap\\\">\\n\n\n<p class=\\\"paragraph-light\\\">V\\u00e5rt team av gullsmeder er her for \\u00e5 hjelpe deg med \\u00e5 finne det perfekte smykket som passer din stil. Vi skaper smykker som er unike, og som blir arvet fra generasjon til generasjon.<\\\/p>\\n<\\\/div>\\n\n\n<p><\\\/p>\",\"margin\":\"default\"}},{\"type\":\"button\",\"props\":{\"grid_column_gap\":\"small\",\"grid_row_gap\":\"small\",\"margin\":\"default\",\"text_align\":\"center\"},\"children\":[{\"type\":\"button_item\",\"props\":{\"button_style\":\"default\",\"content\":\"LES MER\",\"icon_align\":\"left\",\"link\":\"https:\\\/\\\/new.gullgalleriet.no\\\/?page_id=9\"}}]}]},{\"type\":\"column\",\"props\":{\"image_position\":\"center-center\",\"position_sticky_breakpoint\":\"m\",\"width_medium\":\"1-2\"},\"children\":[{\"type\":\"image\",\"props\":{\"image\":\"wp-content\\\/uploads\\\/2024\\\/02\\\/64feea7389ec83f2da1b5b4c_gullgallerietutenfor.jpeg\",\"image_svg_color\":\"emphasis\",\"margin\":\"default\"}}]}]}]},{\"type\":\"section\",\"props\":{\"image_position\":\"center-center\",\"style\":\"default\",\"title_breakpoint\":\"xl\",\"title_position\":\"top-left\",\"title_rotation\":\"left\",\"vertical_align\":\"\",\"width\":\"default\"},\"children\":[{\"type\":\"row\",\"props\":{\"layout\":\"1-2,1-2\"},\"children\":[{\"type\":\"column\",\"props\":{\"image_position\":\"center-center\",\"position_sticky_breakpoint\":\"m\",\"width_medium\":\"1-2\"},\"children\":[{\"type\":\"image\",\"props\":{\"image\":\"wp-content\\\/uploads\\\/2024\\\/02\\\/64ff2efe16ba2b512ac0189e_gammelt-til-nytt-p-1600.jpeg\",\"image_svg_color\":\"emphasis\",\"margin\":\"default\"}}]},{\"type\":\"column\",\"props\":{\"image_position\":\"center-center\",\"position_sticky_breakpoint\":\"m\",\"width_medium\":\"1-2\"},\"children\":[{\"type\":\"text\",\"props\":{\"column_breakpoint\":\"m\",\"content\":\"\n\n<p><span>SPESIALITET<\\\/span><\\\/p>\",\"margin\":\"default\"}},{\"type\":\"text\",\"props\":{\"column_breakpoint\":\"m\",\"content\":\"\n\n<h2 class=\\\"section-heading\\\">Hva gj\\u00f8r vi<\\\/h2>\",\"margin\":\"default\"}},{\"type\":\"text\",\"props\":{\"column_breakpoint\":\"m\",\"content\":\"\n\n<div class=\\\"home-section-wrap\\\">\\n\n\n<p class=\\\"paragraph-light\\\">Har du arvet et smykke som betyr mye for deg, men som ikke passer inn i din n\\u00e5v\\u00e6rende smykkekolleksjon? La oss hjelpe deg med \\u00e5 gi det nytt liv gjennom v\\u00e5r spesialtjeneste, \\\"Fra Gammelt til Nytt Smykke.\\\"<\\\/p>\\n<\\\/div>\\n\n\n<p><\\\/p>\",\"margin\":\"default\"}},{\"type\":\"button\",\"props\":{\"grid_column_gap\":\"small\",\"grid_row_gap\":\"small\",\"margin\":\"default\",\"text_align\":\"center\"},\"children\":[{\"type\":\"button_item\",\"props\":{\"button_style\":\"default\",\"content\":\"LES MER\",\"icon_align\":\"left\",\"link\":\"https:\\\/\\\/new.gullgalleriet.no\\\/?page_id=11\"}}]}]}]}]},{\"type\":\"section\",\"props\":{\"image_position\":\"center-center\",\"style\":\"muted\",\"title_breakpoint\":\"xl\",\"title_position\":\"top-left\",\"title_rotation\":\"left\",\"vertical_align\":\"\",\"width\":\"default\"},\"children\":[{\"type\":\"row\",\"children\":[{\"type\":\"column\",\"props\":{\"image_position\":\"center-center\",\"position_sticky_breakpoint\":\"m\"},\"children\":[{\"type\":\"text\",\"props\":{\"column_breakpoint\":\"m\",\"content\":\"\n\n<section>\\n\n\n<h1 class=\\\"heading\\\" style=\\\"text-align: center;\\\">V\\u00e5re hyggelige tilbakemeldinger<\\\/h1>\\n<\\\/section>\",\"margin\":\"default\"}}]}]}]},{\"type\":\"section\",\"props\":{\"image_position\":\"center-center\",\"style\":\"default\",\"title_breakpoint\":\"xl\",\"title_position\":\"top-left\",\"title_rotation\":\"left\",\"vertical_align\":\"\",\"width\":\"default\"},\"children\":[{\"type\":\"row\",\"props\":{\"divider\":false,\"layout\":\"1-2,1-2\"},\"children\":[{\"type\":\"column\",\"props\":{\"image_position\":\"center-center\",\"position_sticky_breakpoint\":\"m\",\"width_medium\":\"1-2\"},\"children\":[{\"type\":\"text\",\"props\":{\"column_breakpoint\":\"m\",\"content\":\"\\\"Fantastisk arbeid og service!\\\"\",\"margin\":\"default\",\"text_align\":\"center\"}},{\"type\":\"text\",\"props\":{\"column_breakpoint\":\"m\",\"content\":\"\\\"Fantastisk kundeservice. Snart den siste gullsmed som faktisk gj\\u00f8r jobben der du leverer fra deg gull\\\/s\\u00f8lv etc. St\\u00f8tt opp lokalt og ekte h\\u00e5ndverk f\\u00f8r det er for sent!\\\"\",\"margin\":\"default\",\"text_align\":\"center\"}}]},{\"type\":\"column\",\"props\":{\"image_position\":\"center-center\",\"position_sticky_breakpoint\":\"m\",\"width_medium\":\"1-2\"},\"children\":[{\"type\":\"text\",\"props\":{\"column_breakpoint\":\"m\",\"content\":\"\\\"Trivelige ansatte, flott utf\\u00f8rt jobb og til en god pris. Anbefales virkelig!\\\"\",\"margin\":\"default\",\"text_align\":\"center\"}},{\"type\":\"text\",\"props\":{\"column_breakpoint\":\"m\",\"content\":\"\\\"Veldig hyggelige og im\\u00f8tekommende fagfolk med gode innspill og l\\u00f8sninger.\\\"\",\"margin\":\"default\",\"text_align\":\"center\"}}]}]}]},{\"type\":\"section\",\"props\":{\"image_position\":\"center-center\",\"style\":\"muted\",\"title_breakpoint\":\"xl\",\"title_position\":\"top-left\",\"title_rotation\":\"left\",\"vertical_align\":\"\",\"width\":\"default\"},\"children\":[{\"type\":\"row\",\"children\":[{\"type\":\"column\",\"props\":{\"image_position\":\"center-center\",\"position_sticky_breakpoint\":\"m\",\"width_medium\":\"1-3\"}},{\"type\":\"column\",\"props\":{\"image_position\":\"center-center\",\"position_sticky_breakpoint\":\"m\",\"width_medium\":\"1-3\"},\"children\":[{\"type\":\"text\",\"props\":{\"column_breakpoint\":\"m\",\"content\":\"\n\n<p style=\\\"text-align: center;\\\"><label for=\\\"\\\" class=\\\"field-label\\\">SEND OSS EN MELDING<\\\/label><\\\/p>\",\"margin\":\"default\"}},{\"type\":\"text\",\"props\":{\"column_breakpoint\":\"m\",\"content\":\"\n\n<p style=\\\"text-align: center;\\\">[contact-form-7 id=\\\"9294763\\\" title=\\\"Kontakt oss\\\"]<\\\/p>\",\"margin\":\"default\"}}]},{\"type\":\"column\",\"props\":{\"image_position\":\"center-center\",\"position_sticky_breakpoint\":\"m\",\"width_medium\":\"1-3\"}}],\"props\":{\"layout\":\"1-3,1-3,1-3\"}}]}],\"version\":\"4.4.12\"} --><\/p>\n","protected":false},"excerpt":{"rendered":"<p>Skinn med eleganse Hos oss f\u00e5r du smykker du tar vare p\u00e5 SE V\u00c5R KATALOG V\u00e5re favoritter kr. 5190,- Se her -> Kr. 22.900,- Kr. 17.680,- OM Hvem er vi V\u00e5rt team av gullsmeder er her for \u00e5 hjelpe deg med \u00e5 finne det perfekte smykket som passer din stil. Vi skaper smykker som er [&hellip;]<\/p>\n","protected":false},"author":2,"featured_media":0,"parent":0,"menu_order":0,"comment_status":"closed","ping_status":"closed","template":"","meta":{"footnotes":""},"class_list":["post-598","page","type-page","status-publish","hentry"],"_links":{"self":[{"href":"https:\/\/gullgalleriet.no\/index.php?rest_route=\/wp\/v2\/pages\/598","targetHints":{"allow":["GET"]}}],"collection":[{"href":"https:\/\/gullgalleriet.no\/index.php?rest_route=\/wp\/v2\/pages"}],"about":[{"href":"https:\/\/gullgalleriet.no\/index.php?rest_route=\/wp\/v2\/types\/page"}],"author":[{"embeddable":true,"href":"https:\/\/gullgalleriet.no\/index.php?rest_route=\/wp\/v2\/users\/2"}],"replies":[{"embeddable":true,"href":"https:\/\/gullgalleriet.no\/index.php?rest_route=%2Fwp%2Fv2%2Fcomments&post=598"}],"version-history":[{"count":60,"href":"https:\/\/gullgalleriet.no\/index.php?rest_route=\/wp\/v2\/pages\/598\/revisions"}],"predecessor-version":[{"id":882,"href":"https:\/\/gullgalleriet.no\/index.php?rest_route=\/wp\/v2\/pages\/598\/revisions\/882"}],"wp:attachment":[{"href":"https:\/\/gullgalleriet.no\/index.php?rest_route=%2Fwp%2Fv2%2Fmedia&parent=598"}],"curies":[{"name":"wp","href":"https:\/\/api.w.org\/{rel}","templated":true}]}}