{"id":153,"date":"2024-02-09T12:08:46","date_gmt":"2024-02-09T12:08:46","guid":{"rendered":"https:\/\/new.gullgalleriet.no\/?page_id=153"},"modified":"2024-02-09T14:09:10","modified_gmt":"2024-02-09T14:09:10","slug":"armband","status":"publish","type":"page","link":"https:\/\/gullgalleriet.no\/?page_id=153","title":{"rendered":"Armb\u00e5nd"},"content":{"rendered":"<h1>\n<h2 class=\"centered-heading-4\" style=\"text-align: center;\">Armb\u00e5nd<\/h2>\n<\/h1>\n<ul>\n<li>\n<p>        <img decoding=\"async\" src=\"\/wp-content\/uploads\/2024\/02\/Armband-Chimento.png\" alt=\"Armb\u00e5nd Chimento\"><\/p>\n<h3>Armb\u00e5nd Chimento<\/h3>\n<div>\n<p><span>Kr. 17400,-<\/span><\/p>\n<\/div>\n<p><a href=\"\/index.php?p=279\">Se mer<\/a><\/p>\n<\/li>\n<li>\n<p>        <img decoding=\"async\" src=\"\/wp-content\/uploads\/2024\/02\/Halley-fra-Gullgalleriet.png\" alt=\"Halley fra Gullgalleriet\"><\/p>\n<h3>Halley fra Gullgalleriet<\/h3>\n<div>\n<p><span>Kr. 18800,-<\/span><\/p>\n<\/div>\n<p><a href=\"\/index.php?p=281\">Se mer<\/a><\/p>\n<\/li>\n<li>\n<p>        <img decoding=\"async\" src=\"\/wp-content\/uploads\/2024\/02\/Chimento-Armband.png\" alt=\"\"><\/p>\n<h3>Chimento Armb\u00e5nd<\/h3>\n<div>\n<p class=\"team-member-text-2\">Kr. 23500,-<\/p>\n<\/div>\n<p><a href=\"\/index.php?p=283\">Se mer<\/a><\/p>\n<\/li>\n<li>\n<p>        <img decoding=\"async\" src=\"\/wp-content\/uploads\/2024\/02\/Tennisamband-Espeland.png\" alt=\"Tennisamb\u00e5nd Espeland\"><\/p>\n<h3>Tennisamb\u00e5nd Espeland<\/h3>\n<div>\n<p><span>Kr. 45250,-<\/span><\/p>\n<\/div>\n<p><a href=\"\/index.php?p=288\">Se mer<\/a><\/p>\n<\/li>\n<li>\n<p>        <img decoding=\"async\" src=\"\/wp-content\/uploads\/2024\/02\/Panser-Svedbom.png\" alt=\"Panser Svedbom\"><\/p>\n<h3>Panser Svedbom<\/h3>\n<div>\n<p><span>Kr. 49900,-<\/span><\/p>\n<\/div>\n<p><a href=\"\/index.php?p=291\">Se mer<\/a><\/p>\n<\/li>\n<li>\n<p>        <img decoding=\"async\" src=\"\/wp-content\/uploads\/2024\/02\/Armring-EBA.png\" alt=\"Armring EBA\"><\/p>\n<h3>Armring EBA<\/h3>\n<div>\n<p><span>Kr. 22475,-<\/span><\/p>\n<\/div>\n<p><a href=\"\/index.php?p=294\">Se mer<\/a><\/p>\n<\/li>\n<\/ul>\n<p><!--more--><br \/>\n<!-- {\"type\":\"layout\",\"children\":[{\"type\":\"section\",\"props\":{\"image_position\":\"center-center\",\"style\":\"default\",\"title_breakpoint\":\"xl\",\"title_position\":\"top-left\",\"title_rotation\":\"left\",\"vertical_align\":\"middle\",\"width\":\"default\"},\"children\":[{\"type\":\"row\",\"children\":[{\"type\":\"column\",\"props\":{\"image_position\":\"center-center\",\"position_sticky_breakpoint\":\"m\"},\"children\":[{\"type\":\"headline\",\"props\":{\"content\":\"\n\n<h2 class=\\\"centered-heading-4\\\" style=\\\"text-align: center;\\\">Armb\\u00e5nd<\\\/h2>\",\"text_align\":\"center\",\"title_element\":\"h1\"}}]}]}],\"name\":\"Header\"},{\"type\":\"section\",\"props\":{\"image_position\":\"center-center\",\"style\":\"default\",\"title_breakpoint\":\"xl\",\"title_position\":\"top-left\",\"title_rotation\":\"left\",\"vertical_align\":\"middle\",\"width\":\"default\"},\"children\":[{\"type\":\"row\",\"children\":[{\"type\":\"column\",\"props\":{\"image_position\":\"center-center\",\"position_sticky_breakpoint\":\"m\"},\"children\":[{\"type\":\"grid\",\"props\":{\"content_column_breakpoint\":\"m\",\"filter_align\":\"left\",\"filter_all\":true,\"filter_grid_breakpoint\":\"m\",\"filter_grid_width\":\"auto\",\"filter_position\":\"top\",\"filter_style\":\"tab\",\"grid_default\":\"1\",\"grid_medium\":\"3\",\"icon_width\":80,\"image_align\":\"top\",\"image_grid_breakpoint\":\"m\",\"image_grid_width\":\"1-2\",\"image_svg_color\":\"emphasis\",\"item_animation\":true,\"link_fullwidth\":true,\"link_style\":\"default\",\"link_text\":\"Se mer\",\"margin\":\"default\",\"meta_align\":\"below-title\",\"meta_element\":\"div\",\"meta_style\":\"text-meta\",\"panel_style\":\"tile-muted\",\"show_content\":true,\"show_image\":true,\"show_link\":true,\"show_meta\":true,\"show_title\":true,\"text_align\":\"center\",\"title_align\":\"top\",\"title_element\":\"h3\",\"title_grid_breakpoint\":\"m\",\"title_grid_width\":\"1-2\",\"title_hover_style\":\"reset\"},\"children\":[{\"type\":\"grid_item\",\"props\":{\"content\":\"\n\n<p><span>Kr. 17400,-<\\\/span><\\\/p>\",\"image\":\"wp-content\\\/uploads\\\/2024\\\/02\\\/Armband-Chimento.png\",\"image_alt\":\"Armb\\u00e5nd Chimento\",\"link\":\"index.php?p=279\",\"title\":\"Armb\\u00e5nd Chimento\"}},{\"type\":\"grid_item\",\"props\":{\"content\":\"\n\n<p><span>Kr. 18800,-<\\\/span><\\\/p>\",\"image\":\"wp-content\\\/uploads\\\/2024\\\/02\\\/Halley-fra-Gullgalleriet.png\",\"image_alt\":\"Halley fra Gullgalleriet\",\"link\":\"index.php?p=281\",\"title\":\"Halley fra Gullgalleriet\"}},{\"type\":\"grid_item\",\"props\":{\"content\":\"\n\n<p class=\\\"team-member-text-2\\\">Kr. 23500,-<\\\/p>\",\"image\":\"wp-content\\\/uploads\\\/2024\\\/02\\\/Chimento-Armband.png\",\"link\":\"index.php?p=283\",\"title\":\"Chimento Armb\\u00e5nd\"}},{\"type\":\"grid_item\",\"props\":{\"content\":\"\n\n<p><span>Kr. 45250,-<\\\/span><\\\/p>\",\"image\":\"wp-content\\\/uploads\\\/2024\\\/02\\\/Tennisamband-Espeland.png\",\"image_alt\":\"Tennisamb\\u00e5nd Espeland\",\"link\":\"index.php?p=288\",\"title\":\"Tennisamb\\u00e5nd Espeland\"}},{\"type\":\"grid_item\",\"props\":{\"content\":\"\n\n<p><span>Kr. 49900,-<\\\/span><\\\/p>\",\"image\":\"wp-content\\\/uploads\\\/2024\\\/02\\\/Panser-Svedbom.png\",\"image_alt\":\"Panser Svedbom\",\"link\":\"index.php?p=291\",\"title\":\"Panser Svedbom\"}},{\"type\":\"grid_item\",\"props\":{\"content\":\"\n\n<p><span>Kr. 22475,-<\\\/span><\\\/p>\",\"image\":\"wp-content\\\/uploads\\\/2024\\\/02\\\/Armring-EBA.png\",\"image_alt\":\"Armring EBA\",\"link\":\"index.php?p=294\",\"title\":\"Armring EBA\"}}]}]}]}],\"name\":\"Produkter\"}],\"version\":\"4.3.1\"} --><\/p>\n","protected":false},"excerpt":{"rendered":"<p>Armb\u00e5nd Armb\u00e5nd Chimento Kr. 17400,- Se mer Halley fra Gullgalleriet Kr. 18800,- Se mer Chimento Armb\u00e5nd Kr. 23500,- Se mer Tennisamb\u00e5nd Espeland Kr. 45250,- Se mer Panser Svedbom Kr. 49900,- Se mer Armring EBA Kr. 22475,- Se mer<\/p>\n","protected":false},"author":1,"featured_media":0,"parent":13,"menu_order":0,"comment_status":"closed","ping_status":"closed","template":"","meta":{"footnotes":""},"class_list":["post-153","page","type-page","status-publish","hentry"],"_links":{"self":[{"href":"https:\/\/gullgalleriet.no\/index.php?rest_route=\/wp\/v2\/pages\/153","targetHints":{"allow":["GET"]}}],"collection":[{"href":"https:\/\/gullgalleriet.no\/index.php?rest_route=\/wp\/v2\/pages"}],"about":[{"href":"https:\/\/gullgalleriet.no\/index.php?rest_route=\/wp\/v2\/types\/page"}],"author":[{"embeddable":true,"href":"https:\/\/gullgalleriet.no\/index.php?rest_route=\/wp\/v2\/users\/1"}],"replies":[{"embeddable":true,"href":"https:\/\/gullgalleriet.no\/index.php?rest_route=%2Fwp%2Fv2%2Fcomments&post=153"}],"version-history":[{"count":15,"href":"https:\/\/gullgalleriet.no\/index.php?rest_route=\/wp\/v2\/pages\/153\/revisions"}],"predecessor-version":[{"id":354,"href":"https:\/\/gullgalleriet.no\/index.php?rest_route=\/wp\/v2\/pages\/153\/revisions\/354"}],"up":[{"embeddable":true,"href":"https:\/\/gullgalleriet.no\/index.php?rest_route=\/wp\/v2\/pages\/13"}],"wp:attachment":[{"href":"https:\/\/gullgalleriet.no\/index.php?rest_route=%2Fwp%2Fv2%2Fmedia&parent=153"}],"curies":[{"name":"wp","href":"https:\/\/api.w.org\/{rel}","templated":true}]}}