{"id":15,"date":"2024-02-09T10:48:04","date_gmt":"2024-02-09T10:48:04","guid":{"rendered":"https:\/\/new.gullgalleriet.no\/?page_id=15"},"modified":"2025-10-02T12:38:47","modified_gmt":"2025-10-02T12:38:47","slug":"kontakt-oss","status":"publish","type":"page","link":"https:\/\/gullgalleriet.no\/?page_id=15","title":{"rendered":"Kontakt Oss"},"content":{"rendered":"<h4><span>Salg foreg\u00e5r kun i butikk<\/span><\/h4>\n<div>\n<div class=\"contact-form-heading-wrap\">\n<div class=\"contact-form-heading-wrap\">\n<h2 class=\"contact-heading\">Kontakt oss<\/h2>\n<\/div>\n<div class=\"contact-form w-form\">\n<form data-name=\"Get In Touch Form\" name=\"wf-form-Get-In-Touch-Form\" id=\"email-form\" method=\"get\" class=\"get-in-touch-form\" data-wf-page-id=\"64fdda3fd5d080d4105eb271\" data-wf-element-id=\"1c50867a-a9b8-7909-24d7-18c7639dd9a8\" aria-label=\"Get In Touch Form\"><\/form>\n<\/div>\n<\/div>\n<div class=\"contact-form w-form\">\n<form data-name=\"Get In Touch Form\" name=\"wf-form-Get-In-Touch-Form\" id=\"email-form\" method=\"get\" class=\"get-in-touch-form\" data-wf-page-id=\"64fdda3fd5d080d4105eb271\" data-wf-element-id=\"1c50867a-a9b8-7909-24d7-18c7639dd9a8\" aria-label=\"Get In Touch Form\"><\/form>\n<\/div>\n<\/div>\n<div>\n\n<div class=\"wpcf7 no-js\" id=\"wpcf7-f519-o1\" lang=\"en-US\" dir=\"ltr\" data-wpcf7-id=\"519\">\n<div class=\"screen-reader-response\"><p role=\"status\" aria-live=\"polite\" aria-atomic=\"true\"><\/p> <ul><\/ul><\/div>\n<form action=\"\/index.php?rest_route=%2Fwp%2Fv2%2Fpages%2F15#wpcf7-f519-o1\" method=\"post\" class=\"wpcf7-form init\" aria-label=\"Contact form\" novalidate=\"novalidate\" data-status=\"init\">\n<fieldset class=\"hidden-fields-container\"><input type=\"hidden\" name=\"_wpcf7\" value=\"519\" \/><input type=\"hidden\" name=\"_wpcf7_version\" value=\"6.1.5\" \/><input type=\"hidden\" name=\"_wpcf7_locale\" value=\"en_US\" \/><input type=\"hidden\" name=\"_wpcf7_unit_tag\" value=\"wpcf7-f519-o1\" \/><input type=\"hidden\" name=\"_wpcf7_container_post\" value=\"0\" \/><input type=\"hidden\" name=\"_wpcf7_posted_data_hash\" value=\"\" \/>\n<\/fieldset>\n<style>\ninput[type=\"text\"], input[type=\"email\"]\n{\n width: 100%;\n height: 25px;\n border-radius: 10px;\n}\n\ntextarea {\n width: 100%;\n border-radius: 10px;\n}\n\nlabel {\n font-weight: bold;\n}\n\n.wpcf7-submit {\n background-color: black;\n border: none;\n color: white;\n padding: 15px 32px;\n text-align: center;\n text-decoration: none;\n display: inline-block;\n font-size: 16px;\n}\n<\/style>\n<p><label style=\"width: 100%; border-radius: 15px;\"> Skriv inn ditt navn<br \/>\n<span class=\"wpcf7-form-control-wrap\" data-name=\"your-name\"><input size=\"40\" maxlength=\"400\" class=\"wpcf7-form-control wpcf7-text wpcf7-validates-as-required\" autocomplete=\"name\" aria-required=\"true\" aria-invalid=\"false\" value=\"\" type=\"text\" name=\"your-name\" \/><\/span> <\/label>\n<\/p>\n<p><label> Skriv inn din Email<br \/>\n<span class=\"wpcf7-form-control-wrap\" data-name=\"your-email\"><input size=\"40\" maxlength=\"400\" class=\"wpcf7-form-control wpcf7-email wpcf7-validates-as-required wpcf7-text wpcf7-validates-as-email\" autocomplete=\"email\" aria-required=\"true\" aria-invalid=\"false\" value=\"\" type=\"email\" name=\"your-email\" \/><\/span> <\/label>\n<\/p>\n<p><label> Subject<br \/>\n<span class=\"wpcf7-form-control-wrap\" data-name=\"your-subject\"><input size=\"40\" maxlength=\"400\" class=\"wpcf7-form-control wpcf7-text wpcf7-validates-as-required\" aria-required=\"true\" aria-invalid=\"false\" value=\"\" type=\"text\" name=\"your-subject\" \/><\/span> <\/label>\n<\/p>\n<p><label> Skriv inn din beskjed<br \/>\n<span class=\"wpcf7-form-control-wrap\" data-name=\"your-message\"><textarea cols=\"40\" rows=\"10\" maxlength=\"2000\" class=\"wpcf7-form-control wpcf7-textarea\" aria-invalid=\"false\" name=\"your-message\"><\/textarea><\/span> <\/label>\n<\/p>\n<p><div class=\"cf7-cf-turnstile\" style=\"margin-top: 0px; margin-bottom: -15px;\"> <div id=\"cf-turnstile-cf7-239831798\" class=\"cf-turnstile\" data-sitekey=\"0x4AAAAAAAZi4s4mopxSraHz\" data-theme=\"light\" data-language=\"auto\" data-size=\"\" data-retry=\"auto\" data-retry-interval=\"1000\" data-refresh-expired=\"auto\" data-refresh-timeout=\"auto\" data-action=\"contact-form-7\" data-callback=\"turnstileCF7Callback\" data-appearance=\"always\"><\/div> <script>document.addEventListener(\"DOMContentLoaded\", function() { setTimeout(function(){ var e=document.getElementById(\"cf-turnstile-cf7-239831798\"); if(e&&!e.innerHTML.trim()){turnstile.render(e, {sitekey:\"0x4AAAAAAAZi4s4mopxSraHz\"});} }, 200); });<\/script> <br class=\"cf-turnstile-br cf-turnstile-br-cf7-239831798\"> <style>#cf-turnstile-cf7-239831798 { margin-left: -15px; }<\/style> <script>document.addEventListener(\"DOMContentLoaded\",function(){document.querySelectorAll('.wpcf7-form').forEach(function(e){e.addEventListener('submit',function(){if(document.getElementById('cf-turnstile-cf7-239831798')){setTimeout(function(){turnstile.reset('#cf-turnstile-cf7-239831798');},1000)}})})});<\/script> <\/div><br\/><input class=\"wpcf7-form-control wpcf7-submit has-spinner\" type=\"submit\" value=\"Send\" \/>\n<\/p><div class=\"wpcf7-response-output\" aria-hidden=\"true\"><\/div>\n<\/form>\n<\/div>\n<\/div>\n<div>\n<p><strong>V\u00c5R BUTIKK<\/strong><\/p>\n<p>Munkegata 37, 7011 <br \/>Trondheim<\/p>\n<\/div>\n<div>\n<p><strong>\u00c5PNINGSTIDER<\/strong><\/p>\n<p>10-18 (16)<\/p>\n<\/div>\n<div>\n<p><strong>KONTAKTINFORMASJON<\/strong><\/p>\n<p><a href=\"mailto:post@gullgalleriet.no\">post@gullgalleriet.no<\/a> <\/p>\n<p><a href=\"tel:+4773522658\">+47 73 52 26 58<\/a><\/p>\n<\/div>\n<p><!--more--><br \/>\n<!-- {\"type\":\"layout\",\"children\":[{\"type\":\"section\",\"props\":{\"image_position\":\"center-center\",\"style\":\"muted\",\"title_breakpoint\":\"xl\",\"title_position\":\"top-left\",\"title_rotation\":\"left\",\"vertical_align\":\"middle\",\"width\":\"default\"},\"children\":[{\"type\":\"row\",\"children\":[{\"type\":\"column\",\"props\":{\"image_position\":\"center-center\",\"position_sticky_breakpoint\":\"m\"},\"children\":[{\"type\":\"headline\",\"props\":{\"content\":\"<span>Salg foreg\\u00e5r kun i butikk<\\\/span>\",\"text_align\":\"center\",\"title_element\":\"h4\"}}]}]}]},{\"type\":\"section\",\"props\":{\"css\":\".wpcf7-form-control wpcf7-text wpcf7-validates-as-required {\\n color: red !important;\\n}\",\"image_position\":\"center-center\",\"style\":\"muted\",\"title_breakpoint\":\"xl\",\"title_position\":\"top-left\",\"title_rotation\":\"left\",\"vertical_align\":\"\",\"width\":\"default\"},\"children\":[{\"type\":\"row\",\"children\":[{\"type\":\"column\",\"props\":{\"image_position\":\"center-center\",\"position_sticky_breakpoint\":\"m\",\"style\":\"card-primary\",\"width_medium\":\"2-3\"},\"children\":[{\"type\":\"text\",\"props\":{\"column_breakpoint\":\"m\",\"content\":\"\n\n<div class=\\\"contact-form-heading-wrap\\\">\\n\n\n<div class=\\\"contact-form-heading-wrap\\\">\\n\n\n<h2 class=\\\"contact-heading\\\">Kontakt oss<\\\/h2>\\n<\\\/div>\\n\n\n<div class=\\\"contact-form w-form\\\">\n\n<form data-name=\\\"Get In Touch Form\\\" name=\\\"wf-form-Get-In-Touch-Form\\\" id=\\\"email-form\\\" method=\\\"get\\\" class=\\\"get-in-touch-form\\\" data-wf-page-id=\\\"64fdda3fd5d080d4105eb271\\\" data-wf-element-id=\\\"1c50867a-a9b8-7909-24d7-18c7639dd9a8\\\" aria-label=\\\"Get In Touch Form\\\"><\\\/form><\\\/div>\\n<\\\/div>\\n\n\n<div class=\\\"contact-form w-form\\\">\n\n<form data-name=\\\"Get In Touch Form\\\" name=\\\"wf-form-Get-In-Touch-Form\\\" id=\\\"email-form\\\" method=\\\"get\\\" class=\\\"get-in-touch-form\\\" data-wf-page-id=\\\"64fdda3fd5d080d4105eb271\\\" data-wf-element-id=\\\"1c50867a-a9b8-7909-24d7-18c7639dd9a8\\\" aria-label=\\\"Get In Touch Form\\\"><\\\/form><\\\/div>\",\"margin\":\"default\"}},{\"type\":\"html\",\"props\":{\"content\":\"[contact-form-7 id=\\\"9294763\\\" title=\\\"Kontakt oss\\\"]\"}}]},{\"type\":\"column\",\"props\":{\"image_position\":\"center-center\",\"position_sticky_breakpoint\":\"m\",\"width_medium\":\"1-3\"},\"children\":[{\"type\":\"text\",\"props\":{\"column_breakpoint\":\"m\",\"content\":\"\n\n<p><strong>V\\u00c5R BUTIKK<\\\/strong><\\\/p>\\n\n\n<p>Munkegata 37, 7011 <br \\\/>Trondheim<\\\/p>\",\"margin\":\"default\"}},{\"type\":\"text\",\"props\":{\"column_breakpoint\":\"m\",\"content\":\"\n\n<p><strong>\\u00c5PNINGSTIDER<\\\/strong><\\\/p>\\n\n\n<p>10-18 (16)<\\\/p>\",\"margin\":\"default\"}},{\"type\":\"text\",\"props\":{\"column_breakpoint\":\"m\",\"content\":\"\n\n<p><strong>KONTAKTINFORMASJON<\\\/strong><\\\/p>\\n\n\n<p><a href=\\\"mailto:post@gullgalleriet.no\\\">post@gullgalleriet.no<\\\/a> <br \\\/><br \\\/>\\n<a href=\\\"tel:+4773522658\\\">+47 73 52 26 58<\\\/a><\\\/p>\",\"margin\":\"default\"}}]}],\"props\":{\"divider\":true,\"layout\":\"2-3,1-3\"}}]}],\"version\":\"4.4.12\"} --><\/p>\n","protected":false},"excerpt":{"rendered":"<p>Salg foreg\u00e5r kun i butikk Kontakt oss V\u00c5R BUTIKK Munkegata 37, 7011 Trondheim \u00c5PNINGSTIDER 10-18 (16) KONTAKTINFORMASJON post@gullgalleriet.no +47 73 52 26 58<\/p>\n","protected":false},"author":1,"featured_media":0,"parent":0,"menu_order":0,"comment_status":"closed","ping_status":"closed","template":"","meta":{"footnotes":""},"class_list":["post-15","page","type-page","status-publish","hentry"],"_links":{"self":[{"href":"https:\/\/gullgalleriet.no\/index.php?rest_route=\/wp\/v2\/pages\/15","targetHints":{"allow":["GET"]}}],"collection":[{"href":"https:\/\/gullgalleriet.no\/index.php?rest_route=\/wp\/v2\/pages"}],"about":[{"href":"https:\/\/gullgalleriet.no\/index.php?rest_route=\/wp\/v2\/types\/page"}],"author":[{"embeddable":true,"href":"https:\/\/gullgalleriet.no\/index.php?rest_route=\/wp\/v2\/users\/1"}],"replies":[{"embeddable":true,"href":"https:\/\/gullgalleriet.no\/index.php?rest_route=%2Fwp%2Fv2%2Fcomments&post=15"}],"version-history":[{"count":21,"href":"https:\/\/gullgalleriet.no\/index.php?rest_route=\/wp\/v2\/pages\/15\/revisions"}],"predecessor-version":[{"id":886,"href":"https:\/\/gullgalleriet.no\/index.php?rest_route=\/wp\/v2\/pages\/15\/revisions\/886"}],"wp:attachment":[{"href":"https:\/\/gullgalleriet.no\/index.php?rest_route=%2Fwp%2Fv2%2Fmedia&parent=15"}],"curies":[{"name":"wp","href":"https:\/\/api.w.org\/{rel}","templated":true}]}}